{"id":113088,"date":"2026-01-02T00:17:53","date_gmt":"2026-01-02T00:17:53","guid":{"rendered":"https:\/\/leneshop.com.mx\/?post_type=product&#038;p=113088"},"modified":"2026-01-02T04:13:21","modified_gmt":"2026-01-02T04:13:21","slug":"conjunto-2pz-hybrid-shorts-blue","status":"publish","type":"product","link":"https:\/\/leneshop.com.mx\/index.php\/product\/conjunto-2pz-hybrid-shorts-blue\/","title":{"rendered":"Conjunto (2pz) Hybrid Shorts Blue \/\/YOUNGLA"},"content":{"rendered":"<div class=\"wpb-content-wrapper\">[vc_row equal_height=&#8221;yes&#8221; css=&#8221;.vc_custom_1563364382644{border-top-width: 0px !important;}&#8221;][vc_column hongo_column_animation_style=&#8221;fadeIn&#8221; hongo_enable_responsive_css=&#8221;1&#8243; css=&#8221;.vc_custom_1572618118277{padding-top: 100px !important;padding-right: 100px !important;padding-bottom: 100px !important;padding-left: 100px !important;background-color: #f7f7f7 !important;}&#8221; offset=&#8221;vc_col-md-7 vc_col-xs-12&#8243; responsive_css=&#8221;.hongo_responsive_1572618118282{padding_top_tablet:10%25|padding_right_tablet:10%25|padding_bottom_tablet:10%25|padding_left_tablet:10%25},&#8221; hongo_column_animation_delay=&#8221;200&#8243;][vc_column_text]\n<p class=\"margin-15px-bottom\">Esta innovadora marca estadounidense, conocida por su enfoque en ropa de alta calidad para el gimnasio y el d\u00eda a d\u00eda, se est\u00e1 haciendo un nombre gracias a sus dise\u00f1os \u00fanicos y su compromiso con la excelencia. Con una creciente popularidad, YoungLA no solo se centra en ofrecer ropa de hombre que combina estilo y comodidad, sino que tambi\u00e9n redefine lo que significa vestirse para el gimnasio y las actividades al aire libre, haciendo eco en las exigencias del consumidor moderno.<\/p>\n[\/vc_column_text][\/vc_column][vc_column hongo_column_animation_style=&#8221;fadeIn&#8221; hongo_bg_image_type=&#8221;cover-background&#8221; hongo_enable_responsive_css=&#8221;1&#8243; css=&#8221;.vc_custom_1767313135980{background-image: url(https:\/\/leneshop.com.mx\/wp-content\/uploads\/2026\/01\/Diseno-sin-titulo-2026-01-01T160456.970.png?id=113078) !important;}&#8221; offset=&#8221;vc_col-md-5 vc_col-xs-12&#8243; responsive_css=&#8221;.hongo_responsive_1759199108836{height_tablet:550px|height_mobile:400px},&#8221; hongo_column_animation_delay=&#8221;400&#8243;][\/vc_column][\/vc_row][vc_row full_width_header_sticky=&#8221;0&#8243; initial_loading_animation=&#8221;fadeIn&#8221; hongo_enable_responsive_css=&#8221;1&#8243; css=&#8221;.vc_custom_1572618192646{border-top-width: 0px !important;padding-top: 130px !important;padding-bottom: 130px !important;}&#8221; responsive_css=&#8221;.hongo_responsive_1572618192652{padding_top_tablet:80px|padding_bottom_tablet:80px|padding_top_mobile:50px|padding_bottom_mobile:50px},&#8221;][vc_column width=&#8221;1\/2&#8243; hongo_column_animation_style=&#8221;none&#8221; hongo_enable_responsive_css=&#8221;1&#8243; responsive_css=&#8221;.hongo_responsive_1572618175770{margin_bottom_mobile:15px},&#8221;][vc_single_image image=&#8221;102134&#8243; img_size=&#8221;full&#8221; initial_loading_animation=&#8221;fadeIn&#8221; hongo_animation_duration=&#8221;1200&#8243;][\/vc_column][vc_column width=&#8221;1\/2&#8243; hongo_column_animation_style=&#8221;none&#8221; offset=&#8221;vc_col-md-offset-1 vc_col-md-4 vc_col-xs-12&#8243;][vc_column_text]\n<p class=\"\" data-start=\"44\" data-end=\"82\"><strong>MATERIAL:\u00a0<\/strong>75% nylon, 25% spandex.<\/p>\n[\/vc_column_text][vc_empty_space][\/vc_column][\/vc_row]\n<\/div>","protected":false},"excerpt":{"rendered":"<p class=\"\" data-start=\"166\" data-end=\"455\"><strong>Conjunto YoungLa (2Pz)<\/strong><br \/>\n<strong>-Short<\/strong><br \/>\n<strong>-Long Sleeve Bra<\/strong><br \/>\nPresentamos nuestros conjuntos h\u00edbridos, dise\u00f1ados para ofrecer versatilidad y rendimiento. Estos conjuntos en tonos pastel ofrecen un ajuste flexible, perfecto para cualquier entrenamiento. Elegantes y funcionales, son ideales para el gimnasio, pilates, yoga y ropa informal.<\/p>\n","protected":false},"featured_media":113073,"template":"","meta":[],"product_brand":[100],"product_cat":[320,300,307,322],"product_tag":[],"class_list":{"0":"post-113088","1":"product","2":"type-product","3":"status-publish","4":"has-post-thumbnail","6":"product_brand-youngla","7":"product_cat-bodysuits","8":"product_cat-mujer-ropadeportiva","9":"product_cat-talla-m","10":"product_cat-youngla","11":"pa_talla-large","12":"pa_talla-medium","13":"pa_talla-small","15":"first","16":"instock","17":"shipping-taxable","18":"purchasable","19":"product-type-variable"},"_links":{"self":[{"href":"https:\/\/leneshop.com.mx\/index.php\/wp-json\/wp\/v2\/product\/113088","targetHints":{"allow":["GET"]}}],"collection":[{"href":"https:\/\/leneshop.com.mx\/index.php\/wp-json\/wp\/v2\/product"}],"about":[{"href":"https:\/\/leneshop.com.mx\/index.php\/wp-json\/wp\/v2\/types\/product"}],"wp:featuredmedia":[{"embeddable":true,"href":"https:\/\/leneshop.com.mx\/index.php\/wp-json\/wp\/v2\/media\/113073"}],"wp:attachment":[{"href":"https:\/\/leneshop.com.mx\/index.php\/wp-json\/wp\/v2\/media?parent=113088"}],"wp:term":[{"taxonomy":"product_brand","embeddable":true,"href":"https:\/\/leneshop.com.mx\/index.php\/wp-json\/wp\/v2\/product_brand?post=113088"},{"taxonomy":"product_cat","embeddable":true,"href":"https:\/\/leneshop.com.mx\/index.php\/wp-json\/wp\/v2\/product_cat?post=113088"},{"taxonomy":"product_tag","embeddable":true,"href":"https:\/\/leneshop.com.mx\/index.php\/wp-json\/wp\/v2\/product_tag?post=113088"}],"curies":[{"name":"wp","href":"https:\/\/api.w.org\/{rel}","templated":true}]}}