{"id":112933,"date":"2026-01-01T10:59:47","date_gmt":"2026-01-01T10:59:47","guid":{"rendered":"https:\/\/leneshop.com.mx\/?post_type=product&#038;p=112933"},"modified":"2026-01-02T04:15:11","modified_gmt":"2026-01-02T04:15:11","slug":"conjunto-3pz-cotton-seamless-black","status":"publish","type":"product","link":"https:\/\/leneshop.com.mx\/index.php\/product\/conjunto-3pz-cotton-seamless-black\/","title":{"rendered":"Conjunto (3pz) Cotton Seamless Black \/\/GYMSHARK"},"content":{"rendered":"<div class=\"wpb-content-wrapper\">[vc_row equal_height=&#8221;yes&#8221; css=&#8221;.vc_custom_1563364382644{border-top-width: 0px !important;}&#8221;][vc_column hongo_column_animation_style=&#8221;fadeIn&#8221; hongo_enable_responsive_css=&#8221;1&#8243; css=&#8221;.vc_custom_1572618118277{padding-top: 100px !important;padding-right: 100px !important;padding-bottom: 100px !important;padding-left: 100px !important;background-color: #f7f7f7 !important;}&#8221; offset=&#8221;vc_col-md-7 vc_col-xs-12&#8243; responsive_css=&#8221;.hongo_responsive_1572618118282{padding_top_tablet:10%25|padding_right_tablet:10%25|padding_bottom_tablet:10%25|padding_left_tablet:10%25},&#8221; hongo_column_animation_delay=&#8221;200&#8243;][vc_column_text]\n<p class=\"margin-15px-bottom\"><strong>Gymshark<\/strong> es una reconocida marca brit\u00e1nica de ropa deportiva fundada en 2012, dise\u00f1ada para atletas modernos y amantes del fitness. Su estilo innovador, materiales de alto rendimiento y dise\u00f1os ajustados han conquistado a millones alrededor del mundo. Gymshark se ha convertido en un referente global gracias a su fuerte presencia en redes sociales, colaboraciones con influencers y su compromiso con la comunidad fitness. Ideal para quienes buscan comodidad, estilo y funcionalidad dentro y fuera del gimnasio.<\/p>\n[\/vc_column_text][\/vc_column][vc_column hongo_column_animation_style=&#8221;fadeIn&#8221; hongo_bg_image_type=&#8221;cover-background&#8221; hongo_enable_responsive_css=&#8221;1&#8243; css=&#8221;.vc_custom_1767265544743{background-image: url(https:\/\/leneshop.com.mx\/wp-content\/uploads\/2026\/01\/Diseno-sin-titulo-2026-01-01T030358.740.png?id=112935) !important;}&#8221; offset=&#8221;vc_col-md-5 vc_col-xs-12&#8243; responsive_css=&#8221;.hongo_responsive_1747020567978{height_tablet:550px|height_mobile:400px},&#8221; hongo_column_animation_delay=&#8221;400&#8243;][\/vc_column][\/vc_row][vc_row full_width_header_sticky=&#8221;0&#8243; initial_loading_animation=&#8221;fadeIn&#8221; hongo_enable_responsive_css=&#8221;1&#8243; css=&#8221;.vc_custom_1572618192646{border-top-width: 0px !important;padding-top: 130px !important;padding-bottom: 130px !important;}&#8221; responsive_css=&#8221;.hongo_responsive_1572618192652{padding_top_tablet:80px|padding_bottom_tablet:80px|padding_top_mobile:50px|padding_bottom_mobile:50px},&#8221;][vc_column width=&#8221;1\/2&#8243; hongo_column_animation_style=&#8221;none&#8221; hongo_enable_responsive_css=&#8221;1&#8243; responsive_css=&#8221;.hongo_responsive_1572618175770{margin_bottom_mobile:15px},&#8221;][vc_single_image image=&#8221;112944&#8243; img_size=&#8221;full&#8221; initial_loading_animation=&#8221;fadeIn&#8221; hongo_animation_duration=&#8221;1200&#8243;][\/vc_column][vc_column width=&#8221;1\/2&#8243; hongo_column_animation_style=&#8221;none&#8221; offset=&#8221;vc_col-md-offset-1 vc_col-md-4 vc_col-xs-12&#8243;][vc_column_text]Vital<\/p>\n<p>Sea cual sea tu definici\u00f3n de acondicionamiento f\u00edsico, Vital tiene algo para ayudarte a sentirte y rendir al m\u00e1ximo. Porque t\u00fa puedes lograrlo todo, y Vital tambi\u00e9n.[\/vc_column_text][vc_empty_space][\/vc_column][\/vc_row][vc_row hongo_enable_responsive_css=&#8221;1&#8243; css=&#8221;.vc_custom_1563432454916{border-top-width: 0px !important;padding-top: 0px !important;padding-bottom: 0px !important;}&#8221; responsive_css=&#8221;.hongo_responsive_1563432454926{padding_right_tablet:0px|padding_left_tablet:0px},&#8221;][vc_column width=&#8221;1\/2&#8243; hongo_column_animation_style=&#8221;fadeInLeft&#8221; hongo_enable_responsive_css=&#8221;1&#8243; responsive_css=&#8221;.hongo_responsive_1572618237929{margin_bottom_mobile:15px},&#8221;][vc_column_text][\/vc_column_text][\/vc_column][vc_column width=&#8221;1\/2&#8243; hongo_column_animation_style=&#8221;fadeInRight&#8221; hongo_enable_responsive_css=&#8221;1&#8243; responsive_css=&#8221;.hongo_responsive_1572618244162{margin_bottom_tablet:30px|margin_bottom_mobile:15px},&#8221; hongo_column_animation_delay=&#8221;200&#8243;][vc_column_text][\/vc_column_text][\/vc_column][\/vc_row]\n<\/div>","protected":false},"excerpt":{"rendered":"<p><strong>Conjunto Gymshark (3Piezas)<\/strong><br \/>\n<strong>-Legging<\/strong><br \/>\n<strong>-One Shoulder Bra<br \/>\n-Shrug<\/strong><\/p>\n<p>Descripci\u00f3n<\/p>\n<p>LOOK DE LEVANTADORA<\/p>\n<p>Prendas para ir al gimnasio o para relajarse, Cotton Seamless es la comodidad perfecta. Casi te dan ganas de descansar&#8230;<\/p>\n<p>\u2022 El ribete en las caderas moldea tus gl\u00fateos.<br \/>\n\u2022 Cintura s\u00faper profunda.<\/p>\n<p>TALLA Y AJUSTE<\/p>\n<p>\u2022 Ajuste ce\u00f1ido al cuerpo.<br \/>\n\u2022 Cintura alta.<\/p>\n<p>MATERIALES Y CUIDADO<\/p>\n<p>\u2022 76 % algod\u00f3n, 17 % nailon, 7 % elastano.<br \/>\n\u2022 Sin costuras: tan suave que no querr\u00e1s quit\u00e1rtelo.<br \/>\n\u2022 Este modelo es delicado, as\u00ed que ten cuidado al usarlo y lavarlo.<br \/>\n\u2022 Puede volverse transparente al estirarse, as\u00ed que no hagas sentadillas con \u00e9l puesto.<\/p>\n","protected":false},"featured_media":112943,"template":"","meta":[],"product_brand":[96],"product_cat":[329,296,300,307],"product_tag":[],"class_list":{"0":"post-112933","1":"product","2":"type-product","3":"status-publish","4":"has-post-thumbnail","6":"product_brand-gymshark","7":"product_cat-conjuntos","8":"product_cat-gymshark-productos","9":"product_cat-mujer-ropadeportiva","10":"product_cat-talla-m","11":"pa_marca-gymshark","12":"pa_talla-extra-small-xs","13":"pa_talla-large","14":"pa_talla-medium","15":"pa_talla-small","17":"first","18":"instock","19":"shipping-taxable","20":"purchasable","21":"product-type-variable"},"_links":{"self":[{"href":"https:\/\/leneshop.com.mx\/index.php\/wp-json\/wp\/v2\/product\/112933","targetHints":{"allow":["GET"]}}],"collection":[{"href":"https:\/\/leneshop.com.mx\/index.php\/wp-json\/wp\/v2\/product"}],"about":[{"href":"https:\/\/leneshop.com.mx\/index.php\/wp-json\/wp\/v2\/types\/product"}],"wp:featuredmedia":[{"embeddable":true,"href":"https:\/\/leneshop.com.mx\/index.php\/wp-json\/wp\/v2\/media\/112943"}],"wp:attachment":[{"href":"https:\/\/leneshop.com.mx\/index.php\/wp-json\/wp\/v2\/media?parent=112933"}],"wp:term":[{"taxonomy":"product_brand","embeddable":true,"href":"https:\/\/leneshop.com.mx\/index.php\/wp-json\/wp\/v2\/product_brand?post=112933"},{"taxonomy":"product_cat","embeddable":true,"href":"https:\/\/leneshop.com.mx\/index.php\/wp-json\/wp\/v2\/product_cat?post=112933"},{"taxonomy":"product_tag","embeddable":true,"href":"https:\/\/leneshop.com.mx\/index.php\/wp-json\/wp\/v2\/product_tag?post=112933"}],"curies":[{"name":"wp","href":"https:\/\/api.w.org\/{rel}","templated":true}]}}