{"id":111985,"date":"2025-12-26T03:09:55","date_gmt":"2025-12-26T03:09:55","guid":{"rendered":"https:\/\/leneshop.com.mx\/?post_type=product&#038;p=111985"},"modified":"2025-12-26T03:37:18","modified_gmt":"2025-12-26T03:37:18","slug":"training-long-sleeve-top-withe","status":"publish","type":"product","link":"https:\/\/leneshop.com.mx\/index.php\/product\/training-long-sleeve-top-withe\/","title":{"rendered":"Training Long Sleeve Top Withe"},"content":{"rendered":"<div class=\"wpb-content-wrapper\">[vc_row equal_height=&#8221;yes&#8221; css=&#8221;.vc_custom_1563364382644{border-top-width: 0px !important;}&#8221;][vc_column hongo_column_animation_style=&#8221;fadeIn&#8221; hongo_enable_responsive_css=&#8221;1&#8243; css=&#8221;.vc_custom_1572618118277{padding-top: 100px !important;padding-right: 100px !important;padding-bottom: 100px !important;padding-left: 100px !important;background-color: #f7f7f7 !important;}&#8221; offset=&#8221;vc_col-md-7 vc_col-xs-12&#8243; responsive_css=&#8221;.hongo_responsive_1572618118282{padding_top_tablet:10%25|padding_right_tablet:10%25|padding_bottom_tablet:10%25|padding_left_tablet:10%25},&#8221; hongo_column_animation_delay=&#8221;200&#8243;][vc_column_text]\n<p class=\"margin-15px-bottom\"><strong>Gymshark<\/strong> es una reconocida marca brit\u00e1nica de ropa deportiva fundada en 2012, dise\u00f1ada para atletas modernos y amantes del fitness. Su estilo innovador, materiales de alto rendimiento y dise\u00f1os ajustados han conquistado a millones alrededor del mundo. Gymshark se ha convertido en un referente global gracias a su fuerte presencia en redes sociales, colaboraciones con influencers y su compromiso con la comunidad fitness. Ideal para quienes buscan comodidad, estilo y funcionalidad dentro y fuera del gimnasio.<\/p>\n[\/vc_column_text][\/vc_column][vc_column hongo_column_animation_style=&#8221;fadeIn&#8221; hongo_bg_image_type=&#8221;cover-background&#8221; hongo_enable_responsive_css=&#8221;1&#8243; css=&#8221;.vc_custom_1766718703200{background-image: url(https:\/\/leneshop.com.mx\/wp-content\/uploads\/2025\/12\/Diseno-sin-titulo-2025-12-25T191025.066.png?id=111992) !important;}&#8221; offset=&#8221;vc_col-md-5 vc_col-xs-12&#8243; responsive_css=&#8221;.hongo_responsive_1747020567978{height_tablet:550px|height_mobile:400px},&#8221; hongo_column_animation_delay=&#8221;400&#8243;][\/vc_column][\/vc_row][vc_row full_width_header_sticky=&#8221;0&#8243; initial_loading_animation=&#8221;fadeIn&#8221; hongo_enable_responsive_css=&#8221;1&#8243; css=&#8221;.vc_custom_1572618192646{border-top-width: 0px !important;padding-top: 130px !important;padding-bottom: 130px !important;}&#8221; responsive_css=&#8221;.hongo_responsive_1572618192652{padding_top_tablet:80px|padding_bottom_tablet:80px|padding_top_mobile:50px|padding_bottom_mobile:50px},&#8221;][vc_column width=&#8221;1\/2&#8243; hongo_column_animation_style=&#8221;none&#8221; hongo_enable_responsive_css=&#8221;1&#8243; responsive_css=&#8221;.hongo_responsive_1572618175770{margin_bottom_mobile:15px},&#8221;][vc_single_image image=&#8221;111996&#8243; img_size=&#8221;full&#8221; initial_loading_animation=&#8221;fadeIn&#8221; hongo_animation_duration=&#8221;1200&#8243;][\/vc_column][vc_column width=&#8221;1\/2&#8243; hongo_column_animation_style=&#8221;none&#8221; offset=&#8221;vc_col-md-offset-1 vc_col-md-4 vc_col-xs-12&#8243;][vc_column_text][\/vc_column_text][vc_empty_space][\/vc_column][\/vc_row][vc_row hongo_enable_responsive_css=&#8221;1&#8243; css=&#8221;.vc_custom_1563432454916{border-top-width: 0px !important;padding-top: 0px !important;padding-bottom: 0px !important;}&#8221; responsive_css=&#8221;.hongo_responsive_1563432454926{padding_right_tablet:0px|padding_left_tablet:0px},&#8221;][vc_column width=&#8221;1\/2&#8243; hongo_column_animation_style=&#8221;fadeInLeft&#8221; hongo_enable_responsive_css=&#8221;1&#8243; responsive_css=&#8221;.hongo_responsive_1572618237929{margin_bottom_mobile:15px},&#8221;][vc_column_text][\/vc_column_text][\/vc_column][vc_column width=&#8221;1\/2&#8243; hongo_column_animation_style=&#8221;fadeInRight&#8221; hongo_enable_responsive_css=&#8221;1&#8243; responsive_css=&#8221;.hongo_responsive_1572618244162{margin_bottom_tablet:30px|margin_bottom_mobile:15px},&#8221; hongo_column_animation_delay=&#8221;200&#8243;][vc_column_text][\/vc_column_text][\/vc_column][\/vc_row]\n<\/div>","protected":false},"excerpt":{"rendered":"<div class=\"sheet_sheet-header__hHqoz\">\n<div class=\"sheet_sheet-header__hHqoz\">\n<div class=\"sheet_sheet-header__hHqoz\">\n<div class=\"sheet_sheet-header__hHqoz\">\n<div class=\"sheet_sheet-header__hHqoz\">\n<div class=\"sheet_sheet-header__hHqoz\">\n<p>Descripci\u00f3n<\/p>\n<p>EN TU ARMARIO<\/p>\n<p>La colecci\u00f3n Training, repleta de piezas de color y dise\u00f1os combinables, es la elecci\u00f3n perfecta para cualquier sesi\u00f3n.<\/p>\n<p>&#8211; Sencillo y vers\u00e1til para cualquier tipo de entrenamiento que est\u00e9s realizando<\/p>\n<p>TALLA Y AJUSTE<br \/>\n&#8211; Ajuste<br \/>\nregular &#8211; Mangas ragl\u00e1n<\/p>\n<p>&nbsp;<\/p>\n<p>MATERIALES Y CUIDADO<br \/>\n&#8211;<br \/>\n100?% Poli\u00e9ster reciclado<\/p>\n<\/div>\n<\/div>\n<\/div>\n<\/div>\n<\/div>\n<\/div>\n","protected":false},"featured_media":111991,"template":"","meta":[],"product_brand":[96],"product_cat":[296,300,325,307,306],"product_tag":[],"class_list":{"0":"post-111985","1":"product","2":"type-product","3":"status-publish","4":"has-post-thumbnail","6":"product_brand-gymshark","7":"product_cat-gymshark-productos","8":"product_cat-mujer-ropadeportiva","9":"product_cat-shirts-dama","10":"product_cat-talla-m","11":"product_cat-talla-s","12":"pa_marca-gymshark","13":"pa_talla-extra-large-xl","14":"pa_talla-extra-small-xs","15":"pa_talla-large","16":"pa_talla-medium","17":"pa_talla-small","19":"first","20":"instock","21":"shipping-taxable","22":"purchasable","23":"product-type-variable"},"_links":{"self":[{"href":"https:\/\/leneshop.com.mx\/index.php\/wp-json\/wp\/v2\/product\/111985","targetHints":{"allow":["GET"]}}],"collection":[{"href":"https:\/\/leneshop.com.mx\/index.php\/wp-json\/wp\/v2\/product"}],"about":[{"href":"https:\/\/leneshop.com.mx\/index.php\/wp-json\/wp\/v2\/types\/product"}],"wp:featuredmedia":[{"embeddable":true,"href":"https:\/\/leneshop.com.mx\/index.php\/wp-json\/wp\/v2\/media\/111991"}],"wp:attachment":[{"href":"https:\/\/leneshop.com.mx\/index.php\/wp-json\/wp\/v2\/media?parent=111985"}],"wp:term":[{"taxonomy":"product_brand","embeddable":true,"href":"https:\/\/leneshop.com.mx\/index.php\/wp-json\/wp\/v2\/product_brand?post=111985"},{"taxonomy":"product_cat","embeddable":true,"href":"https:\/\/leneshop.com.mx\/index.php\/wp-json\/wp\/v2\/product_cat?post=111985"},{"taxonomy":"product_tag","embeddable":true,"href":"https:\/\/leneshop.com.mx\/index.php\/wp-json\/wp\/v2\/product_tag?post=111985"}],"curies":[{"name":"wp","href":"https:\/\/api.w.org\/{rel}","templated":true}]}}