{"id":110016,"date":"2025-11-13T06:04:43","date_gmt":"2025-11-13T06:04:43","guid":{"rendered":"https:\/\/leneshop.com.mx\/?post_type=product&#038;p=110016"},"modified":"2026-01-19T20:25:19","modified_gmt":"2026-01-19T20:25:19","slug":"carlos-belcast-x-rest-day-track-pant-black-gymshark","status":"publish","type":"product","link":"https:\/\/leneshop.com.mx\/index.php\/product\/carlos-belcast-x-rest-day-track-pant-black-gymshark\/","title":{"rendered":"Carlos Belcast x Rest Day Track Pant Black \/\/ GYMSHARK"},"content":{"rendered":"<div class=\"wpb-content-wrapper\">[vc_row equal_height=&#8221;yes&#8221; css=&#8221;.vc_custom_1563364382644{border-top-width: 0px !important;}&#8221;][vc_column hongo_column_animation_style=&#8221;fadeIn&#8221; hongo_enable_responsive_css=&#8221;1&#8243; css=&#8221;.vc_custom_1572618118277{padding-top: 100px !important;padding-right: 100px !important;padding-bottom: 100px !important;padding-left: 100px !important;background-color: #f7f7f7 !important;}&#8221; offset=&#8221;vc_col-md-7 vc_col-xs-12&#8243; responsive_css=&#8221;.hongo_responsive_1572618118282{padding_top_tablet:10%25|padding_right_tablet:10%25|padding_bottom_tablet:10%25|padding_left_tablet:10%25},&#8221; hongo_column_animation_delay=&#8221;200&#8243;][vc_column_text]\n<p class=\"margin-15px-bottom\"><strong>Gymshark<\/strong> es una reconocida marca brit\u00e1nica de ropa deportiva fundada en 2012, dise\u00f1ada para atletas modernos y amantes del fitness. Su estilo innovador, materiales de alto rendimiento y dise\u00f1os ajustados han conquistado a millones alrededor del mundo. Gymshark se ha convertido en un referente global gracias a su fuerte presencia en redes sociales, colaboraciones con influencers y su compromiso con la comunidad fitness. Ideal para quienes buscan comodidad, estilo y funcionalidad dentro y fuera del gimnasio.<\/p>\n[\/vc_column_text][\/vc_column][vc_column hongo_column_animation_style=&#8221;fadeIn&#8221; hongo_bg_image_type=&#8221;cover-background&#8221; hongo_enable_responsive_css=&#8221;1&#8243; css=&#8221;.vc_custom_1763418150968{background-image: url(https:\/\/leneshop.com.mx\/wp-content\/uploads\/2025\/11\/CarlosxRestDayTrackPantGSBlackA2C3Q-BB2J-0338_1920x.webp?id=110315) !important;}&#8221; offset=&#8221;vc_col-md-5 vc_col-xs-12&#8243; responsive_css=&#8221;.hongo_responsive_1747020865161{height_tablet:550px|height_mobile:400px},&#8221; hongo_column_animation_delay=&#8221;400&#8243;][\/vc_column][\/vc_row][vc_row full_width_header_sticky=&#8221;0&#8243; initial_loading_animation=&#8221;fadeIn&#8221; hongo_enable_responsive_css=&#8221;1&#8243; css=&#8221;.vc_custom_1572618192646{border-top-width: 0px !important;padding-top: 130px !important;padding-bottom: 130px !important;}&#8221; responsive_css=&#8221;.hongo_responsive_1572618192652{padding_top_tablet:80px|padding_bottom_tablet:80px|padding_top_mobile:50px|padding_bottom_mobile:50px},&#8221;][vc_column width=&#8221;1\/2&#8243; hongo_column_animation_style=&#8221;none&#8221; hongo_enable_responsive_css=&#8221;1&#8243; responsive_css=&#8221;.hongo_responsive_1572618175770{margin_bottom_mobile:15px},&#8221;][vc_single_image image=&#8221;102385&#8243; img_size=&#8221;full&#8221; initial_loading_animation=&#8221;fadeIn&#8221; hongo_animation_duration=&#8221;1200&#8243;][\/vc_column][vc_column width=&#8221;1\/2&#8243; hongo_column_animation_style=&#8221;none&#8221; offset=&#8221;vc_col-md-offset-1 vc_col-md-4 vc_col-xs-12&#8243;][vc_column_text]<strong data-start=\"54\" data-end=\"63\">Adapt<\/strong>\u00a0es la colecci\u00f3n perfecta para acompa\u00f1arte en cada entrenamiento, una y otra vez. Confeccionada en tejido sin costuras que ofrece soporte total y dise\u00f1os impactantes que te respaldan \u2014literalmente\u2014 en cada movimiento.[\/vc_column_text][vc_empty_space][\/vc_column][\/vc_row][vc_row hongo_enable_responsive_css=&#8221;1&#8243; css=&#8221;.vc_custom_1563432454916{border-top-width: 0px !important;padding-top: 0px !important;padding-bottom: 0px !important;}&#8221; responsive_css=&#8221;.hongo_responsive_1563432454926{padding_right_tablet:0px|padding_left_tablet:0px},&#8221;][vc_column width=&#8221;1\/2&#8243; hongo_column_animation_style=&#8221;fadeInLeft&#8221; hongo_enable_responsive_css=&#8221;1&#8243; responsive_css=&#8221;.hongo_responsive_1572618237929{margin_bottom_mobile:15px},&#8221;][vc_column_text][\/vc_column_text][\/vc_column][vc_column width=&#8221;1\/2&#8243; hongo_column_animation_style=&#8221;fadeInRight&#8221; hongo_enable_responsive_css=&#8221;1&#8243; responsive_css=&#8221;.hongo_responsive_1572618244162{margin_bottom_tablet:30px|margin_bottom_mobile:15px},&#8221; hongo_column_animation_delay=&#8221;200&#8243;][vc_column_text][\/vc_column_text][\/vc_column][\/vc_row]\n<\/div>","protected":false},"excerpt":{"rendered":"<p>De M\u00e9xico para el mundo. Echa un vistazo a la esencia de Carlos reflejada en sus prendas originales de Gymshark favoritas.<\/p>\n<p>\u2022 Tejido de jersey de doble cara para mayor elasticidad, absorci\u00f3n de sudor y durabilidad<br \/>\n\u2022 Tejido c\u00f3modo con una textura suave en ambos lados<br \/>\n\u2022 Cremalleras en los tobillos para personalizar tu estilo<br \/>\n\u2022 Cintura ajustable con cordones extendidos<br \/>\n\u2022 Dise\u00f1o gr\u00e1fico exclusivo<\/p>\n<p><strong>TALLA Y AJUSTE<\/strong><br \/>\n\u2022 Auste de pierna recta<br \/>\n\u2022 El modelo mide 1.80 m (5&#8217;11&#8221;) y usa la talla M<br \/>\n\u2022 La modelo mide 1.75 m (5&#8217;9&#8243;)\u00a0y usa la talla S<\/p>\n<p><strong>MATERIALES Y CUIDADOS<\/strong><br \/>\n\u2022 68 % algod\u00f3n, 30 % poli\u00e9ster reciclado, 2 % elastano<\/p>\n","protected":false},"featured_media":110316,"template":"","meta":[],"product_brand":[96],"product_cat":[296,299,319,300,307,306,309],"product_tag":[],"class_list":{"0":"post-110016","1":"product","2":"type-product","3":"status-publish","4":"has-post-thumbnail","6":"product_brand-gymshark","7":"product_cat-gymshark-productos","8":"product_cat-hombre-ropa","9":"product_cat-joggers","10":"product_cat-mujer-ropadeportiva","11":"product_cat-talla-m","12":"product_cat-talla-s","13":"product_cat-talla-xs","14":"pa_marca-gymshark","15":"pa_talla-extra-small-xs","16":"pa_talla-medium","17":"pa_talla-small","19":"first","20":"instock","21":"shipping-taxable","22":"purchasable","23":"product-type-variable"},"_links":{"self":[{"href":"https:\/\/leneshop.com.mx\/index.php\/wp-json\/wp\/v2\/product\/110016","targetHints":{"allow":["GET"]}}],"collection":[{"href":"https:\/\/leneshop.com.mx\/index.php\/wp-json\/wp\/v2\/product"}],"about":[{"href":"https:\/\/leneshop.com.mx\/index.php\/wp-json\/wp\/v2\/types\/product"}],"wp:featuredmedia":[{"embeddable":true,"href":"https:\/\/leneshop.com.mx\/index.php\/wp-json\/wp\/v2\/media\/110316"}],"wp:attachment":[{"href":"https:\/\/leneshop.com.mx\/index.php\/wp-json\/wp\/v2\/media?parent=110016"}],"wp:term":[{"taxonomy":"product_brand","embeddable":true,"href":"https:\/\/leneshop.com.mx\/index.php\/wp-json\/wp\/v2\/product_brand?post=110016"},{"taxonomy":"product_cat","embeddable":true,"href":"https:\/\/leneshop.com.mx\/index.php\/wp-json\/wp\/v2\/product_cat?post=110016"},{"taxonomy":"product_tag","embeddable":true,"href":"https:\/\/leneshop.com.mx\/index.php\/wp-json\/wp\/v2\/product_tag?post=110016"}],"curies":[{"name":"wp","href":"https:\/\/api.w.org\/{rel}","templated":true}]}}