{"id":109873,"date":"2025-11-13T06:04:12","date_gmt":"2025-11-13T06:04:12","guid":{"rendered":"https:\/\/leneshop.com.mx\/?post_type=product&#038;p=109873"},"modified":"2025-11-13T06:04:17","modified_gmt":"2025-11-13T06:04:17","slug":"w452-core-hourglass-bra-tank-black-youngla","status":"publish","type":"product","link":"https:\/\/leneshop.com.mx\/index.php\/product\/w452-core-hourglass-bra-tank-black-youngla\/","title":{"rendered":"W452 Core Hourglass Bra Tank Black \/\/ YoungLa"},"content":{"rendered":"<div class=\"wpb-content-wrapper\">[vc_row equal_height=&#8221;yes&#8221; css=&#8221;.vc_custom_1563364382644{border-top-width: 0px !important;}&#8221;][vc_column hongo_column_animation_style=&#8221;fadeIn&#8221; hongo_enable_responsive_css=&#8221;1&#8243; css=&#8221;.vc_custom_1572618118277{padding-top: 100px !important;padding-right: 100px !important;padding-bottom: 100px !important;padding-left: 100px !important;background-color: #f7f7f7 !important;}&#8221; offset=&#8221;vc_col-md-7 vc_col-xs-12&#8243; responsive_css=&#8221;.hongo_responsive_1572618118282{padding_top_tablet:10%25|padding_right_tablet:10%25|padding_bottom_tablet:10%25|padding_left_tablet:10%25},&#8221; hongo_column_animation_delay=&#8221;200&#8243;][vc_column_text]\n<p class=\"margin-15px-bottom\">Esta innovadora marca estadounidense, conocida por su enfoque en ropa de alta calidad para el gimnasio y el d\u00eda a d\u00eda, se est\u00e1 haciendo un nombre gracias a sus dise\u00f1os \u00fanicos y su compromiso con la excelencia. Con una creciente popularidad, YoungLA no solo se centra en ofrecer ropa de hombre que combina estilo y comodidad, sino que tambi\u00e9n redefine lo que significa vestirse para el gimnasio y las actividades al aire libre, haciendo eco en las exigencias del consumidor moderno.<\/p>\n[\/vc_column_text][\/vc_column][vc_column hongo_column_animation_style=&#8221;fadeIn&#8221; hongo_bg_image_type=&#8221;cover-background&#8221; hongo_enable_responsive_css=&#8221;1&#8243; css=&#8221;.vc_custom_1760739254865{background-image: url(https:\/\/leneshop.com.mx\/wp-content\/uploads\/2025\/10\/m17_ceee46d8-0edb-421a-a8f5-ee2b1442d0c2.jpg?id=101917) !important;}&#8221; offset=&#8221;vc_col-md-5 vc_col-xs-12&#8243; responsive_css=&#8221;.hongo_responsive_1759199108836{height_tablet:550px|height_mobile:400px},&#8221; hongo_column_animation_delay=&#8221;400&#8243;][\/vc_column][\/vc_row][vc_row full_width_header_sticky=&#8221;0&#8243; initial_loading_animation=&#8221;fadeIn&#8221; hongo_enable_responsive_css=&#8221;1&#8243; css=&#8221;.vc_custom_1572618192646{border-top-width: 0px !important;padding-top: 130px !important;padding-bottom: 130px !important;}&#8221; responsive_css=&#8221;.hongo_responsive_1572618192652{padding_top_tablet:80px|padding_bottom_tablet:80px|padding_top_mobile:50px|padding_bottom_mobile:50px},&#8221;][vc_column width=&#8221;1\/2&#8243; hongo_column_animation_style=&#8221;none&#8221; hongo_enable_responsive_css=&#8221;1&#8243; responsive_css=&#8221;.hongo_responsive_1572618175770{margin_bottom_mobile:15px},&#8221;][vc_single_image image=&#8221;101918&#8243; img_size=&#8221;full&#8221; initial_loading_animation=&#8221;fadeIn&#8221; hongo_animation_duration=&#8221;1200&#8243;][\/vc_column][vc_column width=&#8221;1\/2&#8243; hongo_column_animation_style=&#8221;none&#8221; offset=&#8221;vc_col-md-offset-1 vc_col-md-4 vc_col-xs-12&#8243;][vc_column_text]\n<p class=\"\" data-start=\"44\" data-end=\"82\"><strong>MATERIAL:\u00a0<\/strong>54% polyamide, 36% polyester, 10% elastane.<\/p>\n[\/vc_column_text][vc_empty_space][\/vc_column][\/vc_row]\n<\/div>","protected":false},"excerpt":{"rendered":"<p class=\"\" data-start=\"166\" data-end=\"455\">Presentamos la camiseta de tirantes Hourglass con espalda cruzada y relleno incorporado. El relleno incorporado proporciona mayor comodidad y forma, lo que la hace perfecta para actividades de bajo a medio impacto. Confeccionada con tela suave y transpirable, esta camiseta ofrece un ajuste sin costuras y sin rozaduras que te mantiene c\u00f3moda y segura todo el d\u00eda. Ideal para entrenar o para uso casual, esta camiseta es una adici\u00f3n elegante y pr\u00e1ctica a tu colecci\u00f3n de ropa deportiva.<\/p>\n","protected":false},"featured_media":101915,"template":"","meta":[],"product_brand":[100],"product_cat":[300,306,313,322],"product_tag":[],"class_list":{"0":"post-109873","1":"product","2":"type-product","3":"status-publish","4":"has-post-thumbnail","6":"product_brand-youngla","7":"product_cat-mujer-ropadeportiva","8":"product_cat-talla-s","9":"product_cat-tops","10":"product_cat-youngla","11":"pa_talla-large","12":"pa_talla-medium","13":"pa_talla-small","15":"first","16":"instock","17":"shipping-taxable","18":"purchasable","19":"product-type-variable"},"_links":{"self":[{"href":"https:\/\/leneshop.com.mx\/index.php\/wp-json\/wp\/v2\/product\/109873","targetHints":{"allow":["GET"]}}],"collection":[{"href":"https:\/\/leneshop.com.mx\/index.php\/wp-json\/wp\/v2\/product"}],"about":[{"href":"https:\/\/leneshop.com.mx\/index.php\/wp-json\/wp\/v2\/types\/product"}],"wp:featuredmedia":[{"embeddable":true,"href":"https:\/\/leneshop.com.mx\/index.php\/wp-json\/wp\/v2\/media\/101915"}],"wp:attachment":[{"href":"https:\/\/leneshop.com.mx\/index.php\/wp-json\/wp\/v2\/media?parent=109873"}],"wp:term":[{"taxonomy":"product_brand","embeddable":true,"href":"https:\/\/leneshop.com.mx\/index.php\/wp-json\/wp\/v2\/product_brand?post=109873"},{"taxonomy":"product_cat","embeddable":true,"href":"https:\/\/leneshop.com.mx\/index.php\/wp-json\/wp\/v2\/product_cat?post=109873"},{"taxonomy":"product_tag","embeddable":true,"href":"https:\/\/leneshop.com.mx\/index.php\/wp-json\/wp\/v2\/product_tag?post=109873"}],"curies":[{"name":"wp","href":"https:\/\/api.w.org\/{rel}","templated":true}]}}