{"id":109695,"date":"2025-11-13T06:03:35","date_gmt":"2025-11-13T06:03:35","guid":{"rendered":"https:\/\/leneshop.com.mx\/?post_type=product&#038;p=109695"},"modified":"2025-11-17T22:26:50","modified_gmt":"2025-11-17T22:26:50","slug":"3031-drip-muscle-tanks-teal-wash-youngla","status":"publish","type":"product","link":"https:\/\/leneshop.com.mx\/index.php\/product\/3031-drip-muscle-tanks-teal-wash-youngla\/","title":{"rendered":"3031 &#8211; Drip Muscle Tanks Teal Wash\/\/ YoungLa"},"content":{"rendered":"<div class=\"wpb-content-wrapper\">[vc_row equal_height=&#8221;yes&#8221; css=&#8221;.vc_custom_1563364382644{border-top-width: 0px !important;}&#8221;][vc_column hongo_column_animation_style=&#8221;fadeIn&#8221; hongo_enable_responsive_css=&#8221;1&#8243; css=&#8221;.vc_custom_1572618118277{padding-top: 100px !important;padding-right: 100px !important;padding-bottom: 100px !important;padding-left: 100px !important;background-color: #f7f7f7 !important;}&#8221; offset=&#8221;vc_col-md-7 vc_col-xs-12&#8243; responsive_css=&#8221;.hongo_responsive_1572618118282{padding_top_tablet:10%25|padding_right_tablet:10%25|padding_bottom_tablet:10%25|padding_left_tablet:10%25},&#8221; hongo_column_animation_delay=&#8221;200&#8243;][hongo_section_heading hongo_heading_type=&#8221;heading-style-5&#8243; hongo_animation_style=&#8221;fadeIn&#8221; hongo_enable_responsive_css=&#8221;1&#8243; hongo_heading=&#8221;YoungLA disponible en M\u00e9xico.&#8221; hongo_font_title_setting=&#8221;.hongo_font_1717794581592{font_lg:18px|transform_lg:text-lg-uppercase|color_title:%23f5bb00},&#8221; css=&#8221;.vc_custom_1717794581592{margin-bottom: 10px !important;}&#8221; responsive_css=&#8221;.hongo_responsive_1717794581593{margin_bottom_mobile:5px},&#8221;][hongo_section_heading hongo_heading_type=&#8221;heading-style-3&#8243; hongo_animation_style=&#8221;fadeIn&#8221; hongo_enable_responsive_css=&#8221;1&#8243; hongo_heading=&#8221;3031 &#8211; Drip Muscle Tanks Teal Wash en Leneshop.com.mx&#8221; css=&#8221;.vc_custom_1759044690287{margin-bottom: 20px !important;}&#8221; responsive_css=&#8221;.hongo_responsive_1759044690288{margin_bottom_mobile:15px},&#8221; hongo_heading_preview_image=&#8221;&#8221; hongo_font_title_setting=&#8221;&#8221;][vc_column_text initial_loading_animation=&#8221;fadeIn&#8221;]\n<p class=\"margin-15px-bottom\">Esta innovadora marca estadounidense, conocida por su enfoque en ropa de alta calidad para el gimnasio y el d\u00eda a d\u00eda, se est\u00e1 haciendo un nombre gracias a sus dise\u00f1os \u00fanicos y su compromiso con la excelencia. Con una creciente popularidad, YoungLA no solo se centra en ofrecer ropa de hombre que combina estilo y comodidad, sino que tambi\u00e9n redefine lo que significa vestirse para el gimnasio y las actividades al aire libre, haciendo eco en las exigencias del consumidor moderno.<\/p>\n[\/vc_column_text][\/vc_column][vc_column hongo_column_animation_style=&#8221;fadeIn&#8221; hongo_bg_image_type=&#8221;cover-background&#8221; hongo_enable_responsive_css=&#8221;1&#8243; css=&#8221;.vc_custom_1759044734847{background-image: url(https:\/\/leneshop.com.mx\/wp-content\/uploads\/2025\/09\/YLA4.2217_46581a87-a01c-4a0b-be4b-f8c65c9b9592.webp?id=101242) !important;}&#8221; offset=&#8221;vc_col-md-5 vc_col-xs-12&#8243; responsive_css=&#8221;.hongo_responsive_1759044734847{height_tablet:550px|height_mobile:400px},&#8221; hongo_column_animation_delay=&#8221;400&#8243;][\/vc_column][\/vc_row][vc_row full_width_header_sticky=&#8221;0&#8243; initial_loading_animation=&#8221;fadeIn&#8221; hongo_enable_responsive_css=&#8221;1&#8243; css=&#8221;.vc_custom_1572618192646{border-top-width: 0px !important;padding-top: 130px !important;padding-bottom: 130px !important;}&#8221; responsive_css=&#8221;.hongo_responsive_1572618192652{padding_top_tablet:80px|padding_bottom_tablet:80px|padding_top_mobile:50px|padding_bottom_mobile:50px},&#8221;][vc_column hongo_column_animation_style=&#8221;none&#8221; width=&#8221;1\/2&#8243; hongo_enable_responsive_css=&#8221;1&#8243; responsive_css=&#8221;.hongo_responsive_1572618175770{margin_bottom_mobile:15px},&#8221;][vc_single_image image=&#8221;101238&#8243; img_size=&#8221;full&#8221; initial_loading_animation=&#8221;fadeIn&#8221; hongo_animation_duration=&#8221;1200&#8243;][\/vc_column][vc_column hongo_column_animation_style=&#8221;none&#8221; width=&#8221;1\/2&#8243; offset=&#8221;vc_col-md-offset-1 vc_col-md-4 vc_col-xs-12&#8243;][hongo_section_heading hongo_heading_type=&#8221;heading-style-2&#8243; hongo_animation_style=&#8221;fadeIn&#8221; hongo_heading=&#8221;Gu\u00eda de tallas camisas YoungLA.&#8221; hongo_font_title_setting=&#8221;.hongo_font_1747348677916{font_lg:26px|line_lg:30px|weight_lg:text-lg-500},&#8221; css=&#8221;.vc_custom_1747348677916{padding-bottom: 20px !important;}&#8221;][vc_column_text initial_loading_animation=&#8221;fadeIn&#8221;]<strong>MATERIAL:\u00a0<\/strong>100% Algodon.[\/vc_column_text][vc_empty_space][\/vc_column][\/vc_row][vc_row hongo_enable_responsive_css=&#8221;1&#8243; css=&#8221;.vc_custom_1563432454916{border-top-width: 0px !important;padding-top: 0px !important;padding-bottom: 0px !important;}&#8221; responsive_css=&#8221;.hongo_responsive_1563432454926{padding_right_tablet:0px|padding_left_tablet:0px},&#8221;][vc_column hongo_column_animation_style=&#8221;fadeInLeft&#8221; width=&#8221;1\/2&#8243; hongo_enable_responsive_css=&#8221;1&#8243; responsive_css=&#8221;.hongo_responsive_1572618237929{margin_bottom_mobile:15px},&#8221;][hongo_shop_banner hongo_shop_banner_style=&#8221;hongo-shop-banner-4&#8243; content_position=&#8221;left-side-product&#8221; hongo_title=&#8221;VER PROMOCIONES || ACTIVAS&#8221; hongo_subtitle=&#8221;APROVECHA AHORA&#8221; hongo_button=&#8221;url:https%3A%2F%2Fleneshop.com.mx%2Findex.php%2Fproduct-category%2Fpromo%2F|title:VER%20BOLSOS&#8221; hongo_font_title_setting=&#8221;.hongo_font_1747584822908{weight_lg:text-lg-600|color_title:%23ffffff},&#8221; css=&#8221;.vc_custom_1747584822912{background-image: url(https:\/\/leneshop.com.mx\/wp-content\/uploads\/2024\/05\/MINI-BAG.jpg?id=99814) !important;}&#8221; hongo_button_setting=&#8221;.hongo_button_1747584822907{color_text:#ffffff|color_border:#ffffff|weight_lg:text-lg-600},&#8221; hongo_font_subtitle_setting=&#8221;.hongo_font_1747584822909{color_title:%23ffffff},&#8221;][\/hongo_shop_banner][\/vc_column][vc_column hongo_column_animation_style=&#8221;fadeInRight&#8221; width=&#8221;1\/2&#8243; hongo_enable_responsive_css=&#8221;1&#8243; responsive_css=&#8221;.hongo_responsive_1572618244162{margin_bottom_tablet:30px|margin_bottom_mobile:15px},&#8221; hongo_column_animation_delay=&#8221;200&#8243;][hongo_shop_banner hongo_shop_banner_style=&#8221;hongo-shop-banner-4&#8243; content_position=&#8221;right-side-product&#8221; hongo_title=&#8221;Prendas || Disponibles&#8221; hongo_subtitle=&#8221;YoungLA&#8221; hongo_button=&#8221;url:%23|title:ROPA%20DE%20YOUNGLA&#8221; hongo_font_title_setting=&#8221;.hongo_font_1747021391182{weight_lg:text-lg-600|color_title:%23232323},&#8221; css=&#8221;.vc_custom_1747021391185{background-image: url(https:\/\/leneshop.com.mx\/wp-content\/uploads\/2025\/05\/Mesa-de-trabajo-4.png?id=100295) !important;}&#8221; hongo_button_setting=&#8221;.hongo_button_1747021391181{color_text:#232323|color_border:#232323|weight_lg:text-lg-600},&#8221; hongo_font_subtitle_setting=&#8221;.hongo_font_1747021391182{color_title:%23ffffff},&#8221;][\/hongo_shop_banner][\/vc_column][\/vc_row]\n<\/div>","protected":false},"excerpt":{"rendered":"<p class=\"\" data-start=\"166\" data-end=\"455\">Mejora tu look casual con nuestras camisetas sin mangas, que lucen un llamativo logotipo en la espalda, realzado por un exclusivo dise\u00f1o de estampado de gotas. Hechas de suave algod\u00f3n, estas camisetas garantizan m\u00e1xima comodidad y adaptabilidad, perfectas para sesiones de gimnasio o salidas informales.<\/p>\n","protected":false},"featured_media":101241,"template":"","meta":[],"product_brand":[100],"product_cat":[15],"product_tag":[],"class_list":{"0":"post-109695","1":"product","2":"type-product","3":"status-publish","4":"has-post-thumbnail","6":"product_brand-youngla","7":"product_cat-uncategorized","8":"pa_talla-extra-large-xl","9":"pa_talla-large","10":"pa_talla-medium","11":"pa_talla-small","13":"first","14":"instock","15":"shipping-taxable","16":"purchasable","17":"product-type-variable"},"_links":{"self":[{"href":"https:\/\/leneshop.com.mx\/index.php\/wp-json\/wp\/v2\/product\/109695","targetHints":{"allow":["GET"]}}],"collection":[{"href":"https:\/\/leneshop.com.mx\/index.php\/wp-json\/wp\/v2\/product"}],"about":[{"href":"https:\/\/leneshop.com.mx\/index.php\/wp-json\/wp\/v2\/types\/product"}],"wp:featuredmedia":[{"embeddable":true,"href":"https:\/\/leneshop.com.mx\/index.php\/wp-json\/wp\/v2\/media\/101241"}],"wp:attachment":[{"href":"https:\/\/leneshop.com.mx\/index.php\/wp-json\/wp\/v2\/media?parent=109695"}],"wp:term":[{"taxonomy":"product_brand","embeddable":true,"href":"https:\/\/leneshop.com.mx\/index.php\/wp-json\/wp\/v2\/product_brand?post=109695"},{"taxonomy":"product_cat","embeddable":true,"href":"https:\/\/leneshop.com.mx\/index.php\/wp-json\/wp\/v2\/product_cat?post=109695"},{"taxonomy":"product_tag","embeddable":true,"href":"https:\/\/leneshop.com.mx\/index.php\/wp-json\/wp\/v2\/product_tag?post=109695"}],"curies":[{"name":"wp","href":"https:\/\/api.w.org\/{rel}","templated":true}]}}